{"id":676,"date":"2014-05-30T12:07:14","date_gmt":"2014-05-30T12:07:14","guid":{"rendered":"http:\/\/wpresidence.net\/?page_id=676"},"modified":"2026-02-24T14:32:43","modified_gmt":"2026-02-24T18:32:43","slug":"agent-list-sidebar-left","status":"publish","type":"page","link":"https:\/\/lasterrenas.estate\/es\/agent-list-sidebar-left\/","title":{"rendered":"Lista de agentes - Barra lateral izquierda"},"content":{"rendered":"<p>Nos gusta pensar en nosotros mismos como una peque\u00f1a pero perfectamente formada agencia de alquileres y gesti\u00f3n. Trabajando usted consigue la exposici\u00f3n, el conocimiento y la experiencia que usted esperar\u00eda de un agente grande, pero el servicio que usted recibir\u00e1 solamente de un negocio m\u00e1s peque\u00f1o construido alrededor del cliente 100% y del foco del arrendatario.<\/p>","protected":false},"excerpt":{"rendered":"<p>Nos gusta pensar en nosotros mismos como una peque\u00f1a pero perfectamente formada agencia de alquileres y gesti\u00f3n. Trabajando usted consigue la exposici\u00f3n, el conocimiento y la experiencia que usted esperar\u00eda de un agente grande, pero el servicio que usted recibir\u00e1 solamente de un negocio m\u00e1s peque\u00f1o construido alrededor del cliente 100% y del foco del arrendatario.<\/p>","protected":false},"author":1,"featured_media":0,"parent":0,"menu_order":0,"comment_status":"open","ping_status":"open","template":"page-templates\/agents_list.php","meta":{"inline_featured_image":false,"footnotes":""},"class_list":["post-676","page","type-page","status-publish","hentry"],"_hostinger_reach_plugin_has_subscription_block":false,"_hostinger_reach_plugin_is_elementor":false,"_links":{"self":[{"href":"https:\/\/lasterrenas.estate\/es\/wp-json\/wp\/v2\/pages\/676","targetHints":{"allow":["GET"]}}],"collection":[{"href":"https:\/\/lasterrenas.estate\/es\/wp-json\/wp\/v2\/pages"}],"about":[{"href":"https:\/\/lasterrenas.estate\/es\/wp-json\/wp\/v2\/types\/page"}],"author":[{"embeddable":true,"href":"https:\/\/lasterrenas.estate\/es\/wp-json\/wp\/v2\/users\/1"}],"replies":[{"embeddable":true,"href":"https:\/\/lasterrenas.estate\/es\/wp-json\/wp\/v2\/comments?post=676"}],"version-history":[{"count":1,"href":"https:\/\/lasterrenas.estate\/es\/wp-json\/wp\/v2\/pages\/676\/revisions"}],"predecessor-version":[{"id":31697,"href":"https:\/\/lasterrenas.estate\/es\/wp-json\/wp\/v2\/pages\/676\/revisions\/31697"}],"wp:attachment":[{"href":"https:\/\/lasterrenas.estate\/es\/wp-json\/wp\/v2\/media?parent=676"}],"curies":[{"name":"wp","href":"https:\/\/api.w.org\/{rel}","templated":true}]}}