{"id":90,"date":"2014-05-26T15:12:56","date_gmt":"2014-05-26T15:12:56","guid":{"rendered":"http:\/\/wpresidence.net\/?page_id=90"},"modified":"2014-05-26T15:12:56","modified_gmt":"2014-05-26T15:12:56","slug":"our-agents","status":"publish","type":"page","link":"https:\/\/lasterrenas.estate\/es\/our-agents\/","title":{"rendered":"Lista de agentes"},"content":{"rendered":"<p>Nos gusta pensar en nosotros mismos como una peque\u00f1a pero perfectamente formada agencia de alquileres y gesti\u00f3n. Trabajando usted consigue la exposici\u00f3n, el conocimiento y la experiencia que usted esperar\u00eda de un agente grande, pero el servicio que usted recibir\u00e1 solamente de un negocio m\u00e1s peque\u00f1o construido alrededor del cliente 100% y del foco del arrendatario.<\/p>\n<p>Tanto si buscas propiedades en venta en la zona de Nueva York como propiedades en alquiler, WP Residence te facilita la b\u00fasqueda. Utiliza nuestra exclusiva funci\u00f3n de mapa geolocalizado para localizar tu villa, adosado o apartamento ideal y contacta directamente con los propietarios. Te ayudaremos a encontrar la casa de tus sue\u00f1os en s\u00f3lo unos segundos.<\/p>","protected":false},"excerpt":{"rendered":"<p>We like to think of ourselves as a small but perfectly formed lettings &amp; management agency. Working you get the exposure, knowledge and expertise you would expect from a large agent, but the service you will only receive from a smaller business built around 100% client and tenant focus. Whether you\u2019re looking for property for sale in New York area or property for rent, &#8230;<\/p>","protected":false},"author":1,"featured_media":0,"parent":0,"menu_order":0,"comment_status":"open","ping_status":"open","template":"page-templates\/agents_list.php","meta":{"inline_featured_image":false,"footnotes":""},"class_list":["post-90","page","type-page","status-publish","hentry"],"_hostinger_reach_plugin_has_subscription_block":false,"_hostinger_reach_plugin_is_elementor":false,"_links":{"self":[{"href":"https:\/\/lasterrenas.estate\/es\/wp-json\/wp\/v2\/pages\/90","targetHints":{"allow":["GET"]}}],"collection":[{"href":"https:\/\/lasterrenas.estate\/es\/wp-json\/wp\/v2\/pages"}],"about":[{"href":"https:\/\/lasterrenas.estate\/es\/wp-json\/wp\/v2\/types\/page"}],"author":[{"embeddable":true,"href":"https:\/\/lasterrenas.estate\/es\/wp-json\/wp\/v2\/users\/1"}],"replies":[{"embeddable":true,"href":"https:\/\/lasterrenas.estate\/es\/wp-json\/wp\/v2\/comments?post=90"}],"version-history":[{"count":0,"href":"https:\/\/lasterrenas.estate\/es\/wp-json\/wp\/v2\/pages\/90\/revisions"}],"wp:attachment":[{"href":"https:\/\/lasterrenas.estate\/es\/wp-json\/wp\/v2\/media?parent=90"}],"curies":[{"name":"wp","href":"https:\/\/api.w.org\/{rel}","templated":true}]}}