{"id":29197,"date":"2021-12-10T11:27:35","date_gmt":"2021-12-10T11:27:35","guid":{"rendered":"https:\/\/wpestate1.wpestate.info\/?page_id=29197"},"modified":"2021-12-10T11:27:35","modified_gmt":"2021-12-10T11:27:35","slug":"listings-by-user","status":"publish","type":"page","link":"https:\/\/lasterrenas.estate\/fr\/listings-by-user\/","title":{"rendered":"Annonces par utilisateur"},"content":{"rendered":"<div data-elementor-type=\"wp-page\" data-elementor-id=\"29197\" class=\"elementor elementor-29197\">\n\t\t\t\t\t\t<section class=\"elementor-section elementor-top-section elementor-element elementor-element-60312f5a elementor-section-stretched elementor-section-boxed elementor-section-height-default elementor-section-height-default\" data-id=\"60312f5a\" data-element_type=\"section\" data-e-type=\"section\" data-settings=\"{&quot;stretch_section&quot;:&quot;section-stretched&quot;,&quot;background_background&quot;:&quot;classic&quot;}\">\n\t\t\t\t\t\t<div class=\"elementor-container elementor-column-gap-default\">\n\t\t\t\t\t<div class=\"elementor-column elementor-col-100 elementor-top-column elementor-element elementor-element-19aa2e07\" data-id=\"19aa2e07\" data-element_type=\"column\" data-e-type=\"column\">\n\t\t\t<div class=\"elementor-widget-wrap elementor-element-populated\">\n\t\t\t\t\t\t<section class=\"elementor-section elementor-inner-section elementor-element elementor-element-73857d4a elementor-section-boxed elementor-section-height-default elementor-section-height-default\" data-id=\"73857d4a\" data-element_type=\"section\" data-e-type=\"section\">\n\t\t\t\t\t\t<div class=\"elementor-container elementor-column-gap-default\">\n\t\t\t\t\t<div class=\"elementor-column elementor-col-33 elementor-inner-column elementor-element elementor-element-e017c62\" data-id=\"e017c62\" data-element_type=\"column\" data-e-type=\"column\">\n\t\t\t<div class=\"elementor-widget-wrap\">\n\t\t\t\t\t\t\t<\/div>\n\t\t<\/div>\n\t\t\t\t<div class=\"elementor-column elementor-col-33 elementor-inner-column elementor-element elementor-element-35ea65ac\" data-id=\"35ea65ac\" data-element_type=\"column\" data-e-type=\"column\">\n\t\t\t<div class=\"elementor-widget-wrap elementor-element-populated\">\n\t\t\t\t\t\t<div class=\"elementor-element elementor-element-3cdf46cb elementor-widget elementor-widget-heading\" data-id=\"3cdf46cb\" data-element_type=\"widget\" data-e-type=\"widget\" data-widget_type=\"heading.default\">\n\t\t\t\t\t<h2 class=\"elementor-heading-title elementor-size-default\">Listings per agent, agency or developer<\/h2>\t\t\t\t<\/div>\n\t\t\t\t<div class=\"elementor-element elementor-element-2ca40ffa elementor-widget elementor-widget-text-editor\" data-id=\"2ca40ffa\" data-element_type=\"widget\" data-e-type=\"widget\" data-widget_type=\"text-editor.default\">\n\t\t\t\t\t\t\t\t\t<p style=\"text-align: center;\">Show the listings of a particular agent, agency or developer. Control how many listings to display.<\/p>\t\t\t\t\t\t\t\t<\/div>\n\t\t\t\t\t<\/div>\n\t\t<\/div>\n\t\t\t\t<div class=\"elementor-column elementor-col-33 elementor-inner-column elementor-element elementor-element-16f08b48\" data-id=\"16f08b48\" data-element_type=\"column\" data-e-type=\"column\">\n\t\t\t<div class=\"elementor-widget-wrap\">\n\t\t\t\t\t\t\t<\/div>\n\t\t<\/div>\n\t\t\t\t\t<\/div>\n\t\t<\/section>\n\t\t\t\t<div class=\"elementor-element elementor-element-4f032f65 elementor-widget elementor-widget-WpResidence_List_Items_per_Agent\" data-id=\"4f032f65\" data-element_type=\"widget\" data-e-type=\"widget\" data-widget_type=\"WpResidence_List_Items_per_Agent.default\">\n\t\t\t\t<div class=\"elementor-widget-container\">\n\t\t\t\t\t<div class=\"wpresidence_shortcode_listings_wrapper items_shortcode_wrapper row\">  \n\n<div class=\"col-lg-4 col-12 col-sm-6 col-md-6   listing_wrapper  property_unit_type7\" \n    data-org=\"4\"   \n    data-main-modal=\"https:\/\/lasterrenas.estate\/wp-content\/uploads\/2016\/11\/416_1-1-835x467.jpg\"\n    data-modal-title=\"Villa Oxylus\"\n    data-modal-link=\"https:\/\/lasterrenas.estate\/es\/properties\/studio-apartment\/\"\n    data-listid=\"21188\"> \n    \n    <div class=\"property_listing property_unit_type7\" \n         data-link=\"https:\/\/lasterrenas.estate\/es\/properties\/studio-apartment\/\">\n\n                    <div class=\"listing-unit-img-wrapper\">\n                <div class=\"featured_gradient\"><\/div>\n                <a href=\"https:\/\/lasterrenas.estate\/es\/properties\/studio-apartment\/\" target=\"_self\"><img decoding=\"async\" src=\"https:\/\/lasterrenas.estate\/wp-content\/uploads\/2016\/11\/416_1-1-525x328.jpg\" data-original=\"https:\/\/lasterrenas.estate\/wp-content\/uploads\/2016\/11\/416_1-1-525x328.jpg\" class=\"lazyload img-responsive\" alt=\"Villa Oxylus\" \/><\/a>                <div class=\"tag-wrapper\">\n    <div class=\"status-wrapper\">\n    <div class=\"action_tag_wrapper Rentals\">Location<\/div><div class=\"ribbon-inside hot-offer\">offre chaude<\/div><\/div>\n<\/div>                \n<div class=\"listing_actions\">\n                    <div class=\"share_unit\">\n            <a href=\"https:\/\/www.facebook.com\/sharer.php?u=https:\/\/lasterrenas.estate\/es\/properties\/studio-apartment\/&#038;t=Villa+Oxylus\" target=\"_blank\" rel=\"noreferrer\" class=\"social_facebook\"><\/a>\n            <a href=\"https:\/\/twitter.com\/intent\/tweet?text=Villa+Oxylus+https%3A%2F%2Flasterrenas.estate%2Fes%2Fproperties%2Fstudio-apartment%2F\" class=\"social_tweet\" rel=\"noreferrer\" target=\"_blank\"><\/a>\n            <a href=\"https:\/\/pinterest.com\/pin\/create\/button\/?url=https:\/\/lasterrenas.estate\/es\/properties\/studio-apartment\/&#038;media=https:\/\/lasterrenas.estate\/wp-content\/uploads\/2016\/11\/416_1-1.jpg&#038;description=Villa+Oxylus\" target=\"_blank\" rel=\"noreferrer\" class=\"social_pinterest\"><\/a>\n            <a href=\"https:\/\/wa.me\/?text=Villa%20Oxylus%20https:\/\/lasterrenas.estate\/fr\/properties\/studio-apartment\/\" class=\"social_whatsup\" rel=\"noreferrer\" target=\"_blank\"><\/a>\n            <a href=\"mailto:?&#115;ub&#106;&#101;&#99;t=&#86;&#105;l&#108;&#97;&#43;O&#120;&#121;&#108;us&#38;a&#109;&#112;&#59;b&#111;dy=&#104;&#116;t&#112;s&#37;3&#65;%2&#70;%&#50;&#70;&#108;&#97;&#115;ter&#114;&#101;n&#97;&#115;&#46;e&#115;&#116;&#97;&#116;e%2Fe&#115;&#37;&#50;&#70;&#112;&#114;op&#101;rt&#105;e&#115;&#37;&#50;&#70;&#115;tud&#105;&#111;-a&#112;a&#114;&#116;m&#101;nt&#37;&#50;&#70;\" data-action=\"share email\" class=\"social_email\"><\/a>\n        <\/div>\n                <span class=\"share_list\" data-bs-toggle=\"tooltip\" title=\"action\"><\/span>\n    \n            <span class=\"icon-fav icon-fav-off\" \n            data-bs-toggle=\"tooltip\" \n            title=\"ajouter aux favoris\" \n            data-postid=\"21188\">\n        <\/span>\n    \n            <span class=\"compare-action\" \n            data-bs-toggle=\"tooltip\"\n            title=\"comparer\" \n            data-pimage=\"https:\/\/lasterrenas.estate\/wp-content\/uploads\/2016\/11\/416_1-1-143x83.jpg\" \n            data-pid=\"21188\">\n        <\/span>\n    <\/div>\n            <\/div>\n    \n            <div class=\"property-unit-information-wrapper\">\n                <div class=\"property_card_categories_wrapper\"><a href=\"https:\/\/lasterrenas.estate\/fr\/action\/rentals\/\" rel=\"tag\">Location<\/a><\/div><h4>\n  <a href=\"https:\/\/lasterrenas.estate\/es\/properties\/studio-apartment\/\" >Villa Oxylus<\/a>\n<\/h4><div class=\"listing_unit_price_wrapper\">\n    <span class=\"price_label price_label_before\">de : <\/span> $120 <span class=\"price_label\">\/jour<\/span><\/div><div class=\"listing_details the_grid_view\" style=\"display:block\">\n    Magnifique maison cara\u00efb\u00e9enne de 3 chambres climatis\u00e9es, 3 salles de bains, cuisine \u00e9quip\u00e9e <a href=\"https:\/\/lasterrenas.estate\/es\/properties\/studio-apartment\/\" class=\"unit_more_x\"> ...<\/a><\/div>\n\n<div class=\"listing_details the_list_view\" style=\"display:none\">\n    Magnifique maison cara\u00efb\u00e9enne de 3 chambres climatis\u00e9es, 3 salles de bains, cuisine \u00e9quip\u00e9e, terrasse et piscine priv\u00e9e. Le parking int\u00e9rieur de la villa peut a <a href=\"https:\/\/lasterrenas.estate\/es\/properties\/studio-apartment\/\" class=\"unit_more_x\"> ...<\/a><\/div><div class=\"property_listing_details\">\n    <div class=\"property_listing_details_v7_item\" data-bs-toggle=\"tooltip\" title=\"Bedrooms\"><div class=\"icon_label\"><svg width=\"16\" height=\"16\" viewbox=\"0 0 16 16\" fill=\"currentColor\" xmlns=\"http:\/\/www.w3.org\/2000\/svg\">\n  <path fill-rule=\"evenodd\" clip-rule=\"evenodd\"\n    d=\"M4.7 2.9C3.99358 2.9 3.33518 3.11632 2.84244 3.48961C2.34938 3.86314 2 4.41592 2 5.06667V8.45594C1.4018 8.86258 1 9.51114 1 10.2778V14.5C1 14.7761 1.22386 15 1.5 15C1.77614 15 2 14.7761 2 14.5V12.95H14V14.5C14 14.7761 14.2239 15 14.5 15C14.7761 15 15 14.7761 15 14.5V10.2778C15 9.51114 14.5982 8.86258 14 8.45594V5.06667C14 4.41592 13.6506 3.86314 13.1576 3.48961C12.6648 3.11632 12.0064 2.9 11.3 2.9H4.7ZM14 12V10.2778C14 9.62582 13.3854 9 12.5 9H3.5C2.61458 9 2 9.62582 2 10.2778V12H14ZM13 7.94639V5.06667C13 4.79693 12.8569 4.51639 12.5537 4.2867C12.2502 4.05677 11.8086 3.9 11.3 3.9H4.7C4.19139 3.9 3.7498 4.05677 3.44629 4.2867C3.14311 4.51639 3 4.79693 3 5.06667V7.94639C3.16279 7.9159 3.33018 7.9 3.5 7.9V6.5C3.5 6.22386 3.72386 6 4 6H7C7.27614 6 7.5 6.22386 7.5 6.5V7.9H8.5V6.5C8.5 6.22386 8.72386 6 9 6H12C12.2761 6 12.5 6.22386 12.5 6.5V7.9C12.6698 7.9 12.8372 7.9159 13 7.94639ZM11.5 7.9V7H9.5V7.9H11.5ZM6.5 7.9H4.5V7H6.5V7.9Z\"\n  \/>\n<\/svg>\n<\/div>3<\/div><div class=\"property_listing_details_v7_item\" data-bs-toggle=\"tooltip\" title=\"Bathrooms\"><div class=\"icon_label\"><svg width=\"16\" height=\"16\" viewbox=\"0 0 16 16\" fill=\"currentColor\" xmlns=\"http:\/\/www.w3.org\/2000\/svg\">\n  <path fill-rule=\"evenodd\" clip-rule=\"evenodd\"\n    d=\"M0.97 9c0-.276.224-.5.5-.5H14.53c.276 0 .5.224.5.5v2.6429c0 .989-.563 1.8358-1.314 2.4159-.752.5818-1.745.9411-2.73.9411H5.014c-.986 0-1.979-.3593-2.73-.9411C1.533 13.4787.97 12.6319.97 11.6429V9Zm1.03.5v2.1429c0 .589.339 1.1708.926 1.6247.586.4524 1.366.7324 2.12.7324h5.909c.754 0 1.534-.28 2.12-.7324.587-.4539.926-1.0357.926-1.6247V9.5H2Z\"\n  \/>\n  <path fill-rule=\"evenodd\" clip-rule=\"evenodd\"\n    d=\"M8 3.5C8 2.11929 9.11929 1 10.5 1C11.8807 1 13 2.11929 13 3.5V8.5C13 8.77614 12.7761 9 12.5 9C12.2239 9 12 8.77614 12 8.5V3.5C12 2.67157 11.3284 2 10.5 2C9.67157 2 9 2.67157 9 3.5C9 3.77614 8.77614 4 8.5 4C8.22386 4 8 3.77614 8 3.5Z\"\n  \/>\n  <path fill-rule=\"evenodd\" clip-rule=\"evenodd\"\n    d=\"M7.08535 5H9.91465C9.70873 4.4174 9.15311 4 8.5 4C7.84689 4 7.29127 4.4174 7.08535 5ZM6 5.5C6 4.11929 7.11929 3 8.5 3C9.88071 3 11 4.11929 11 5.5C11 5.77614 10.7761 6 10.5 6H6.5C6.22386 6 6 5.77614 6 5.5Z\"\n  \/>\n<\/svg>\n<\/div>3<\/div><div class=\"property_listing_details_v7_item\" data-bs-toggle=\"tooltip\" title=\"Taille du bien\"><div class=\"icon_label\"><svg width=\"15\" height=\"15\" viewbox=\"0 0 15 15\" fill=\"currentColor\" xmlns=\"http:\/\/www.w3.org\/2000\/svg\">\n  <path fill-rule=\"evenodd\" clip-rule=\"evenodd\"\n    d=\"M2.05 2.5c0-.276 0.224-.5 0.5-.5H6c.276 0 .5.224.5.5s-.224.5-.5.5H3.02v3.01c0 .276-.224.5-.5.5s-.5-.224-.5-.5V2.5Zm1.96 2.0c0-.276.224-.5.5-.5h7.02c.276 0 .5.224.5.5v7.02c0 .276-.224.5-.5.5H4.51a.5.5 0 0 1-.5-.5V4.5Zm1.0.55v5.95h5.95V5.05H5.01ZM2.05 13.48c0 .276.224.5.5.5H6c.276 0 .5-.224.5-.5s-.224-.5-.5-.5H3.02v-3.0c0-.276-.224-.5-.5-.5s-.5.224-.5.5v3.0Zm12.4-.03c0 .276-.224.5-.5.5H10.5c-.276 0-.5-.224-.5-.5s.224-.5.5-.5h3.0V10c0-.276.224-.5.5-.5s.5.224.5.5v3.45ZM13.48 2.5c0-.276-.224-.5-.5-.5H10c-.276 0-.5.224-.5.5s.224.5.5.5h3v3.0c0 .276.224.5.5.5s.5-.224.5-.5V2.5Z\"\n  \/>\n<\/svg>\n<\/div><span>100 ft<sup>2<\/sup><\/span><\/div><div class=\"property_listing_details_v7_item\" data-bs-toggle=\"tooltip\" title=\"Taille du garage\"><div class=\"icon_label\"><svg xmlns=\"http:\/\/www.w3.org\/2000\/svg\" viewbox=\"0 0 24 24\" fill=\"currentColor\">\n  <path d=\"M8 13a1 1 0 1 0 0 2h1a1 1 0 1 0 0-2H8Zm6 1a1 1 0 0 1 1-1h1a1 1 0 1 1 0 2h-1a1 1 0 0 1-1-1Z\"\/>\n  <path fill-rule=\"evenodd\" clip-rule=\"evenodd\"\n    d=\"M5.131 5.901A4 4 0 0 1 8.977 3h6.046a4 4 0 0 1 3.846 2.901L19.754 9H21a1 1 0 1 1 0 2h-.535c.34.588.535 1.271.535 2v4a2 2 0 0 1-1 1.732V20a1 1 0 0 1-1 1h-2a1 1 0 0 1-1-1v-1H8v1a1 1 0 0 1-1 1H5a1 1 0 0 1-1-1v-1.268A2 2 0 0 1 3 17v-4c0-.729.195-1.412.535-2H3a1 1 0 1 1 0-2h1.246l.885-3.099ZM6.326 9l.728-2.55A2 2 0 0 1 8.977 5h6.046a2 2 0 0 1 1.923 1.45L17.674 9H6.326ZM7 11a2 2 0 0 0-2 2v4h14v-4a2 2 0 0 0-2-2H7Z\"\n  \/>\n  <path d=\"M8 10.5h8a.5.5 0 0 1 0 1H8a.5.5 0 0 1 0-1Z\"\/>\n<\/svg>\n<\/div>4 voitures<\/div><div class=\"property_listing_details_v7_item\" data-bs-toggle=\"tooltip\" title=\"Lot Size\"><div class=\"icon_label\"><svg width=\"24\" height=\"24\" viewbox=\"0 0 24 24\" fill=\"currentColor\" xmlns=\"http:\/\/www.w3.org\/2000\/svg\">\r\n\r\n  <!-- interior icon (unchanged) -->\r\n  <path fill-rule=\"evenodd\" clip-rule=\"evenodd\"\r\n    d=\"M8.5 7C8.10218 7 7.72064 7.15804 7.43934 7.43934C7.15804 7.72064 7 8.10218 7 8.5V9.5C7 9.89782 7.15804 10.2794 7.43934 10.5607C7.72064 10.842 8.10218 11 8.5 11H13V15.5C13 15.8978 13.158 16.2794 13.4393 16.5607C13.7206 16.842 14.1022 17 14.5 17H15.5C15.8978 17 16.2794 16.842 16.5607 16.5607C16.842 16.2794 17 15.8978 17 15.5V8.5C17 8.10218 16.842 7.72064 16.5607 7.43934C16.2794 7.15804 15.8978 7 15.5 7H8.5ZM10.5 8V8.5C10.5 8.63261 10.4473 8.75979 10.3536 8.85355C10.2598 8.94732 10.1326 9 10 9C9.86739 9 9.74021 8.94732 9.64645 8.85355C9.55268 8.75979 9.5 8.63261 9.5 8.5V8H8.5C8.36739 8 8.24021 8.05268 8.14645 8.14645C8.05268 8.24021 8 8.36739 8 8.5V9.5C8 9.63261 8.05268 9.75979 8.14645 9.85355C8.24021 9.94732 8.36739 10 8.5 10H13.5C13.6326 10 13.7598 10.0527 13.8536 10.1464C13.9473 10.2402 14 10.3674 14 10.5V15.5C14 15.6326 14.0527 15.7598 14.1464 15.8536C14.2402 15.9473 14.3674 16 14.5 16H15.5C15.6326 16 15.7598 15.9473 15.8536 15.8536C15.9473 15.7598 16 15.6326 16 15.5V14.5H15.5C15.3674 14.5 15.2402 14.4473 15.1464 14.3536C15.0527 14.2598 15 14.1326 15 14C15 13.8674 15.0527 13.7402 15.1464 13.6464C15.2402 13.5527 15.3674 13.5 15.5 13.5H16V12.5H15.5C15.3674 12.5 15.2402 12.4473 15.1464 12.3536C15.0527 12.2598 15 12.1326 15 12C15 11.8674 15.0527 11.7402 15.1464 11.6464C15.2402 11.5527 15.3674 11.5 15.5 11.5H16V10.5H15.5C15.3674 10.5 15.2402 10.4473 15.1464 10.3536C15.0527 10.2598 15 10.1326 15 10C15 9.86739 15.0527 9.74021 15.1464 9.64645C15.2402 9.55268 15.3674 9.5 15.5 9.5H16V8.5C16 8.36739 15.9473 8.24021 15.8536 8.14645C15.7598 8.05268 15.6326 8 15.5 8H14.5V8.5C14.5 8.63261 14.4473 8.75979 14.3536 8.85355C14.2598 8.94732 14.1326 9 14 9C13.8674 9 13.7402 8.94732 13.6464 8.85355C13.5527 8.75979 13.5 8.63261 13.5 8.5V8H12.5V8.5C12.5 8.63261 12.4473 8.75979 12.3536 8.85355C12.2598 8.94732 12.1326 9 12 9C11.8674 9 11.7402 8.94732 11.6464 8.85355C11.5527 8.75979 11.5 8.63261 11.5 8.5V8H10.5Z\"\/>\r\n\r\n  <path fill-rule=\"evenodd\" clip-rule=\"evenodd\"\r\n    d=\"M3 3.75C3 3.33579 3.33579 3 3.75 3H20.25C20.6642 3 21 3.33579 21 3.75V20.25C21 20.6642 20.6642 21 20.25 21H3.75C3.33579 21 3 20.6642 3 20.25V3.75ZM4.5 4.5V19.5H19.5V4.5H4.5Z\"\/>\r\n<\/svg>\r\n<\/div><span>1,000 ft<sup>2<\/sup><\/span><\/div><\/div>     \n                    <div class=\"property_location\">\n                        \n<!-- Main contact wrapper -->\n<div class=\"wpestate_property_card_contact_wrapper\">\n        \n    <!-- Phone contact element -->\n    <div class=\"wpestate_property_card_contact_wrapper_phone\" data-item-id=\"21188\">\n        <svg  height=\"800px\" width=\"800px\" version=\"1.1\" id=\"Capa_1\" xmlns=\"http:\/\/www.w3.org\/2000\/svg\" xmlns:xlink=\"http:\/\/www.w3.org\/1999\/xlink\" \n\t viewbox=\"0 0 487.766 487.766\" xml:space=\"preserve\">\n<g>\n\t<g>\n\t\t<path d=\"M345.487,487.566c2.2,0.1,4.3,0.2,6.5,0.2c23.5,0,43.1-8.5,58.5-25.2c0.1-0.1,0.3-0.3,0.4-0.4\t\t\tc5.5-6.6,11.7-12.6,18.3-18.9c4.5-4.3,9.1-8.7,13.4-13.3c20.5-21.4,20.4-48.5-0.2-69.1l-57-57c-9.8-10.2-21.5-15.6-33.9-15.6\t\t\tc-12.3,0-24.1,5.3-34.2,15.4l-33.7,33.7c-3-1.7-6.1-3.2-9.1-4.7c-3.8-1.9-7.3-3.7-10.4-5.6c-30.9-19.6-58.9-45.2-85.7-78.1\t\t\tc-13.5-17-22.4-31.2-28.7-45.8c8.8-8,17-16.3,24.9-24.4c2.9-2.9,5.8-5.9,8.8-8.9c21.4-21.4,21.4-47.9,0-69.2l-28.3-28.3\t\t\tc-3.3-3.3-6.5-6.6-9.7-9.8c-6.3-6.4-12.8-13.1-19.3-19.1c-9.8-9.8-21.4-14.9-33.7-14.9c-12.2,0-24,5.1-34.2,14.9l-35.5,35.4\t\t\tc-13,13-20.4,28.8-22,47.1c-1.8,22.8,2.4,47,13.2,76.2c16.7,45.1,41.8,87,79,131.8c45.3,54,99.7,96.7,161.9,126.8\t\t\tC278.487,472.066,310.187,485.266,345.487,487.566z M111.787,318.266c-35.4-42.6-59.1-82.2-74.8-124.6\t\t\tc-9.7-26.1-13.3-46.4-11.8-65.7c1.1-12.5,5.9-22.9,14.9-31.8l35.3-35.3c5.4-5.2,11.3-7.9,17.1-7.9c5.7,0,11.3,2.7,16.7,8\t\t\tc6.3,5.9,12.4,12.1,18.8,18.6c3.2,3.3,6.5,6.7,9.9,10l28.3,28.3c11.6,11.6,11.6,23,0,34.6c-3,3-6,6-8.9,9\t\t\tc-8.8,8.9-17,17.3-26.1,25.4c-0.2,0.2-0.3,0.3-0.5,0.5c-8.1,8.1-6.9,15.9-4.9,21.7c0.1,0.3,0.2,0.5,0.3,0.8\t\t\tc7.3,17.6,17.6,34.3,33.4,54.3c28.5,35.1,58.5,62.4,91.7,83.5c4.1,2.6,8.4,4.8,12.6,6.9c3.8,1.9,7.3,3.7,10.4,5.6\t\t\tc0.4,0.2,0.7,0.4,1.1,0.6c3.2,1.6,6.3,2.4,9.5,2.4c7.9,0,12.9-5,14.5-6.7l35.5-35.5c5.4-5.4,11.2-8.2,16.9-8.2\t\t\tc7,0,12.7,4.4,16.4,8.2l57.2,57.2c14,14,7.6,26.6-0.3,34.9c-4,4.3-8.2,8.3-12.6,12.6c-6.7,6.4-13.6,13.1-19.9,20.6\t\t\tc-10.8,11.6-23.6,17-40.3,17c-1.6,0-3.3-0.1-4.9-0.2c-31.1-2-59.9-14.1-81.6-24.4\t\t\tC206.487,410.166,154.787,369.666,111.787,318.266z\"\/>\n\t\t<path d=\"M268.087,89.266c-6.7-1.1-13,3.4-14.1,10c-1.1,6.7,3.4,13,10,14.1c27.5,4.7,52.5,17.7,72.5,37.6\t\t\tc19.9,19.9,32.9,45,37.6,72.5c1,6,6.2,10.2,12.1,10.2c0.7,0,1.4-0.1,2.1-0.2c6.7-1.1,11.2-7.5,10-14.1\t\t\tc-5.5-32.5-20.9-62.2-44.4-85.7C330.187,110.066,300.587,94.766,268.087,89.266z\"\/>\n\t\t<path d=\"M475.187,229.466c0.7,0,1.4-0.1,2.1-0.2c6.7-1.1,11.2-7.5,10-14.1c-9.1-53.8-34.5-102.7-73.4-141.6\t\t\tc-39-38.9-87.9-64.3-141.7-73.4c-6.7-1.1-13,3.4-14.1,10c-1.1,6.7,3.4,13,10,14.1c48.7,8.3,93.1,31.3,128.4,66.6\t\t\ts58.3,79.7,66.6,128.4C464.087,225.266,469.287,229.466,475.187,229.466z\"\/>\n\t<\/g>\n<\/g>\n<\/svg>Call    <\/div>\n\n    <!-- Email contact element -->\n    <div class=\"wpestate_property_card_contact_wrapper_email\" data-item-id=\"21188\">\n        <i class=\"far fa-envelope\"><\/i> Courriel    <\/div>\n\n    <!-- WhatsApp contact element -->\n    <div class=\"wpestate_property_card_contact_wrapper_whatsupp\">\n        <a href=\"https:\/\/wa.me\/?text=Villa%20Oxylus%20https:\/\/lasterrenas.estate\/fr\/properties\/studio-apartment\/\" target=\"_blank\">\n            <i class=\"fab fa-whatsapp\"><\/i>\n        <\/a>\n    <\/div>\n<\/div>\n\n<!-- Modal for phone call action -->\n<div class=\"modal wpestate_card_unit_call wpestate_card_unit_call_21188\" tabindex=\"-1\" role=\"dialog\">\n    <div class=\"modal-dialog\" role=\"document\">\n        <div class=\"modal-content\">\n            <div class=\"modal-header\">\n                <!-- Close button for modal, using Bootstrap 5.3 classes -->\n                <button type=\"button\" class=\"btn-close\" data-bs-dismiss=\"modal\" aria-label=\"Close\"><\/button>\n            <\/div>\n            <div class=\"modal-body\">\n                <!-- Display call content, generated by a custom function -->\n                <p>Vous pouvez nous contacter par\r\nt\u00e9l\u00e9phone :\r\nmobile :\r\nVeuillez utiliser le num\u00e9ro de propri\u00e9t\u00e9 21188 pour identifier la propri\u00e9t\u00e9 \"Villa Oxylus\".\"<\/p>\n            <\/div>      \n        <\/div>\n    <\/div>\n<\/div>\n\n<!-- Modal for email action -->\n<div class=\"modal wpestate_card_unit_email wpestate_card_unit_email_21188\" tabindex=\"-1\" role=\"dialog\">\n    <div class=\"modal-dialog\" role=\"document\">\n        <div class=\"modal-content\">\n            <div class=\"modal-header\">\n                <!-- Close button for modal, using Bootstrap 5.3 classes -->\n                <button type=\"button\" class=\"btn-close\" data-bs-dismiss=\"modal\" aria-label=\"Close\"><\/button>\n            <\/div>\n            <div class=\"modal-body wpestate_contact_form_parent\">\n               Looks like the property is assigned to an administrator. Please assign it to an agent or user with complete contact details.            <\/div>      \n        <\/div>\n    <\/div>\n<\/div>                            \n                    <\/div>    \n                                <\/div>\n                <\/div>    \n<\/div>\n<\/div>\t\t\t\t<\/div>\n\t\t\t\t<\/div>\n\t\t\t\t\t<\/div>\n\t\t<\/div>\n\t\t\t\t\t<\/div>\n\t\t<\/section>\n\t\t\t\t<\/div>","protected":false},"excerpt":{"rendered":"<p>Listings per agent, agency or developer Show the listings of a particular agent, agency or developer. Control how many listings to display. 1 Manhattan, New York Sales Property with content as tabs $ 150,000 Beautiful, updated, ground level Co-op apartment in the desirable Bay Terrace neighbor &#8230; Beautiful, updated, ground level Co-op apartment in the desirable Bay Terrace neighborhood. This home features &#8230; 2 &#8230;<\/p>","protected":false},"author":1,"featured_media":0,"parent":0,"menu_order":0,"comment_status":"closed","ping_status":"closed","template":"","meta":{"inline_featured_image":false,"footnotes":""},"class_list":["post-29197","page","type-page","status-publish","hentry"],"_hostinger_reach_plugin_has_subscription_block":false,"_hostinger_reach_plugin_is_elementor":false,"_links":{"self":[{"href":"https:\/\/lasterrenas.estate\/fr\/wp-json\/wp\/v2\/pages\/29197","targetHints":{"allow":["GET"]}}],"collection":[{"href":"https:\/\/lasterrenas.estate\/fr\/wp-json\/wp\/v2\/pages"}],"about":[{"href":"https:\/\/lasterrenas.estate\/fr\/wp-json\/wp\/v2\/types\/page"}],"author":[{"embeddable":true,"href":"https:\/\/lasterrenas.estate\/fr\/wp-json\/wp\/v2\/users\/1"}],"replies":[{"embeddable":true,"href":"https:\/\/lasterrenas.estate\/fr\/wp-json\/wp\/v2\/comments?post=29197"}],"version-history":[{"count":0,"href":"https:\/\/lasterrenas.estate\/fr\/wp-json\/wp\/v2\/pages\/29197\/revisions"}],"wp:attachment":[{"href":"https:\/\/lasterrenas.estate\/fr\/wp-json\/wp\/v2\/media?parent=29197"}],"curies":[{"name":"wp","href":"https:\/\/api.w.org\/{rel}","templated":true}]}}