{"id":31041,"date":"2025-11-16T12:12:23","date_gmt":"2025-11-16T16:12:23","guid":{"rendered":"https:\/\/lasterrenas.estate\/?page_id=31041"},"modified":"2025-11-29T12:46:45","modified_gmt":"2025-11-29T16:46:45","slug":"villla-house-for-sale-las-terrenas","status":"publish","type":"page","link":"https:\/\/lasterrenas.estate\/fr\/villla-house-for-sale-las-terrenas\/","title":{"rendered":"Villa\/Maison"},"content":{"rendered":"<p style=\"text-align: left;\">Trouvez la villa de vos reves \u00e0 Las Terrenas grace \u00e0 l&#8217;agence immobili\u00e8re Caraibes Horizons. Qu&#8217;il s&#8217;agisse d&#8217;un placement locatif ou de votre nouveau lieu de vie, nous trouverons la villa ou la maison qui vous correspond.<\/p>\n\n\n<p><\/p>","protected":false},"excerpt":{"rendered":"<p>Trouvez la villa de vos reves \u00e0 Las Terrenas grace \u00e0 l&#8217;agence immobili\u00e8re Caraibes Horizons. Qu&#8217;il s&#8217;agisse d&#8217;un placement locatif ou de votre nouveau lieu de vie, nous trouverons la villa ou la maison qui vous correspond.<\/p>","protected":false},"author":1,"featured_media":0,"parent":0,"menu_order":0,"comment_status":"closed","ping_status":"closed","template":"page-templates\/property_list_directory.php","meta":{"inline_featured_image":false,"footnotes":""},"class_list":["post-31041","page","type-page","status-publish","hentry"],"_hostinger_reach_plugin_has_subscription_block":false,"_hostinger_reach_plugin_is_elementor":false,"_links":{"self":[{"href":"https:\/\/lasterrenas.estate\/fr\/wp-json\/wp\/v2\/pages\/31041","targetHints":{"allow":["GET"]}}],"collection":[{"href":"https:\/\/lasterrenas.estate\/fr\/wp-json\/wp\/v2\/pages"}],"about":[{"href":"https:\/\/lasterrenas.estate\/fr\/wp-json\/wp\/v2\/types\/page"}],"author":[{"embeddable":true,"href":"https:\/\/lasterrenas.estate\/fr\/wp-json\/wp\/v2\/users\/1"}],"replies":[{"embeddable":true,"href":"https:\/\/lasterrenas.estate\/fr\/wp-json\/wp\/v2\/comments?post=31041"}],"version-history":[{"count":3,"href":"https:\/\/lasterrenas.estate\/fr\/wp-json\/wp\/v2\/pages\/31041\/revisions"}],"predecessor-version":[{"id":31183,"href":"https:\/\/lasterrenas.estate\/fr\/wp-json\/wp\/v2\/pages\/31041\/revisions\/31183"}],"wp:attachment":[{"href":"https:\/\/lasterrenas.estate\/fr\/wp-json\/wp\/v2\/media?parent=31041"}],"curies":[{"name":"wp","href":"https:\/\/api.w.org\/{rel}","templated":true}]}}