{"id":31291,"date":"2025-11-29T19:18:21","date_gmt":"2025-11-29T23:18:21","guid":{"rendered":"https:\/\/lasterrenas.estate\/?page_id=31291"},"modified":"2025-11-29T19:18:23","modified_gmt":"2025-11-29T23:18:23","slug":"lands","status":"publish","type":"page","link":"https:\/\/lasterrenas.estate\/fr\/lands\/","title":{"rendered":"Terre"},"content":{"rendered":"<p style=\"text-align: left;\">Trouvez le terrain de vos reves pour construire votre projet immobilier \u00e0 Las Terrenas grace \u00e0 l&#8217;agence immobili\u00e8re Caraibes Horizons. Bord de mer, centre ville ou au calme dans la nature, nous sommes \u00e0 vos cot\u00e9s pour trouver le terrain qui correspond le mieux \u00e0 vos attentes.<\/p>\n\n\n<p><\/p>","protected":false},"excerpt":{"rendered":"<p>Trouvez le terrain de vos reves pour construire votre projet immobilier \u00e0 Las Terrenas grace \u00e0 l&#8217;agence immobili\u00e8re Caraibes Horizons. Bord de mer, centre ville ou au calme dans la nature, nous sommes \u00e0 vos cot\u00e9s pour trouver le terrain qui correspond le mieux \u00e0 vos attentes.<\/p>","protected":false},"author":1,"featured_media":0,"parent":0,"menu_order":0,"comment_status":"closed","ping_status":"closed","template":"page-templates\/property_list_directory.php","meta":{"inline_featured_image":false,"footnotes":""},"class_list":["post-31291","page","type-page","status-publish","hentry"],"_hostinger_reach_plugin_has_subscription_block":false,"_hostinger_reach_plugin_is_elementor":false,"_links":{"self":[{"href":"https:\/\/lasterrenas.estate\/fr\/wp-json\/wp\/v2\/pages\/31291","targetHints":{"allow":["GET"]}}],"collection":[{"href":"https:\/\/lasterrenas.estate\/fr\/wp-json\/wp\/v2\/pages"}],"about":[{"href":"https:\/\/lasterrenas.estate\/fr\/wp-json\/wp\/v2\/types\/page"}],"author":[{"embeddable":true,"href":"https:\/\/lasterrenas.estate\/fr\/wp-json\/wp\/v2\/users\/1"}],"replies":[{"embeddable":true,"href":"https:\/\/lasterrenas.estate\/fr\/wp-json\/wp\/v2\/comments?post=31291"}],"version-history":[{"count":1,"href":"https:\/\/lasterrenas.estate\/fr\/wp-json\/wp\/v2\/pages\/31291\/revisions"}],"predecessor-version":[{"id":31292,"href":"https:\/\/lasterrenas.estate\/fr\/wp-json\/wp\/v2\/pages\/31291\/revisions\/31292"}],"wp:attachment":[{"href":"https:\/\/lasterrenas.estate\/fr\/wp-json\/wp\/v2\/media?parent=31291"}],"curies":[{"name":"wp","href":"https:\/\/api.w.org\/{rel}","templated":true}]}}